{"id":6,"date":"2012-07-15T21:04:06","date_gmt":"2012-07-16T00:04:06","guid":{"rendered":"http:\/\/localhost\/trovas\/?page_id=6"},"modified":"2016-12-05T12:45:12","modified_gmt":"2016-12-05T15:45:12","slug":"trovas-ilustradas","status":"publish","type":"page","link":"https:\/\/trovasilustradas.lugarvazio.com.br\/trovas\/trovas-ilustradas\/","title":{"rendered":"In\u00edcio"},"content":{"rendered":"<p><a href=\"http:\/\/www.trovasilustradas.com.br\/trovas\/trovas-ilustradas\/julieta\/\" rel=\"attachment wp-att-45\"><img loading=\"lazy\" decoding=\"async\" class=\"size-full wp-image-45 alignleft\" title=\"julieta\" src=\"http:\/\/www.trovasilustradas.com.br\/trovas\/conteudo\/2012\/07\/julieta.jpg\" alt=\"\" width=\"120\" height=\"220\" \/><\/a><\/p>\n<p><strong>Trova<\/strong>\u00a0\u00e9\u00a0um poema aut\u00f4nomo de quatro versos.<\/p>\n<p>Da mesma autora do livro\u00a0<strong>Marcas da Mem\u00f3ria &#8211; Setenta Anos de Vida<\/strong> e dos blogs:<\/p>\n<ul>\n<li><strong><a title=\"Mem\u00f3rias de Julieta\" href=\"http:\/\/julietaesuasmarcasdamemoria.blogspot.com.br\/\" target=\"_blank\">Mem\u00f3rias de Julieta<\/a><\/strong><\/li>\n<li><strong><a title=\"Dicas e outras coisas\" href=\"http:\/\/julietasprdicaseoutrascoisas.blogspot.com.br\/\" target=\"_blank\">Dicas e outras coisas<\/a><\/strong><\/li>\n<li><strong><a title=\"Arte e devo\u00e7\u00e3o\" href=\"http:\/\/artedevocao.blogspot.com.br\/\" target=\"_blank\">Arte e devo\u00e7\u00e3o<\/a><\/strong><\/li>\n<li><strong><a title=\"Trovas ilustradas\" href=\"http:\/\/trovasilustradas-julieta.blogspot.com.br\/\" target=\"_blank\">Trovas ilustradas<\/a><\/strong><\/li>\n<\/ul>\n<p>Este espa\u00e7o consolida uma pequena parte da sua vasta produ\u00e7\u00e3o art\u00edstica.<\/p>\n<p>&nbsp;<\/p>\n<p>Blogs e sites parceiros:<\/p>\n<ul>\n<li><a href=\"http:\/\/poespontesia.blogs.sapo.pt\/\">POES Pontes IA<\/a><\/li>\n<li><a href=\"http:\/\/www.sebastiaoribeiro.com\/\" target=\"_blank\">Fotos Sebastiao Ribeiro<\/a><\/li>\n<\/ul>\n<p>&nbsp;<\/p>\n","protected":false},"excerpt":{"rendered":"<p>Trova\u00a0\u00e9\u00a0um poema aut\u00f4nomo de quatro versos. Da mesma autora do livro\u00a0Marcas da Mem\u00f3ria &#8211; Setenta Anos de Vida e dos blogs: Mem\u00f3rias de Julieta Dicas e outras coisas Arte e devo\u00e7\u00e3o Trovas ilustradas Este espa\u00e7o consolida uma pequena parte da &hellip; <a href=\"https:\/\/trovasilustradas.lugarvazio.com.br\/trovas\/trovas-ilustradas\/\">Continuar a ler <span class=\"meta-nav\">&rarr;<\/span><\/a><\/p>\n","protected":false},"author":2,"featured_media":0,"parent":0,"menu_order":0,"comment_status":"closed","ping_status":"closed","template":"showcase.php","meta":{"footnotes":""},"class_list":["post-6","page","type-page","status-publish","hentry"],"aioseo_notices":[],"_links":{"self":[{"href":"https:\/\/trovasilustradas.lugarvazio.com.br\/trovas\/wp-json\/wp\/v2\/pages\/6","targetHints":{"allow":["GET"]}}],"collection":[{"href":"https:\/\/trovasilustradas.lugarvazio.com.br\/trovas\/wp-json\/wp\/v2\/pages"}],"about":[{"href":"https:\/\/trovasilustradas.lugarvazio.com.br\/trovas\/wp-json\/wp\/v2\/types\/page"}],"author":[{"embeddable":true,"href":"https:\/\/trovasilustradas.lugarvazio.com.br\/trovas\/wp-json\/wp\/v2\/users\/2"}],"replies":[{"embeddable":true,"href":"https:\/\/trovasilustradas.lugarvazio.com.br\/trovas\/wp-json\/wp\/v2\/comments?post=6"}],"version-history":[{"count":20,"href":"https:\/\/trovasilustradas.lugarvazio.com.br\/trovas\/wp-json\/wp\/v2\/pages\/6\/revisions"}],"predecessor-version":[{"id":487,"href":"https:\/\/trovasilustradas.lugarvazio.com.br\/trovas\/wp-json\/wp\/v2\/pages\/6\/revisions\/487"}],"wp:attachment":[{"href":"https:\/\/trovasilustradas.lugarvazio.com.br\/trovas\/wp-json\/wp\/v2\/media?parent=6"}],"curies":[{"name":"wp","href":"https:\/\/api.w.org\/{rel}","templated":true}]}}